{"id":15,"date":"2020-08-07T12:21:52","date_gmt":"2020-08-07T10:21:52","guid":{"rendered":"https:\/\/galabau-alraune.de\/?page_id=15"},"modified":"2021-11-16T17:48:24","modified_gmt":"2021-11-16T16:48:24","slug":"kontakt","status":"publish","type":"page","link":"https:\/\/galabau-alraune.de\/index.php\/kontakt\/","title":{"rendered":"Impressum"},"content":{"rendered":"\n<h1 class=\"wp-block-heading\">Alraune gGmbH<\/h1>\n\n\n\n<p>Gemeinn\u00fctzige Gesellschaft zur F\u00f6rderung der<br>Teilhabechancen und Verbesserung der<br>Lebensqualit\u00e4t benachteiligter Menschen mbH<\/p>\n\n\n\n<p>Schreyerring 27<br>22309 Hamburg<br>Telefonzentrale: 040 \/ 63 200 420<br>E-Mail: info@alraune-hamburg.de<\/p>\n\n\n\n<p>Vertretungsberechtigte Gesch\u00e4ftsf\u00fchrerinnen:<br>Petra Lafferentz, Clara Mehlhose<\/p>\n\n\n\n<p>Registergericht: Amtsgericht Hamburg<br>Registernummer: HRB 90325<br>Steuernummer: 17\/402\/09767<\/p>\n\n\n\n<p>Einige Projekte der Alraune gGmbH werden aus Mitteln des Europ\u00e4ischen Sozialfonds gef\u00f6rdert.<\/p>\n\n\n\n<p>Haftungshinweis:<br>Trotz sorgf\u00e4ltiger inhaltlicher Kontrolle \u00fcbernehmen wir keine Haftung f\u00fcr die Inhalte externer Links. F\u00fcr den Inhalt der verlinkten Seiten sind ausschlie\u00dflich deren Betreiber verantwortlich.<\/p>\n","protected":false},"excerpt":{"rendered":"<p>Alraune gGmbH Gemeinn\u00fctzige Gesellschaft zur F\u00f6rderung derTeilhabechancen und Verbesserung derLebensqualit\u00e4t benachteiligter Menschen mbH Schreyerring 2722309 HamburgTelefonzentrale: 040 \/ 63 200 420E-Mail: info@alraune-hamburg.de Vertretungsberechtigte Gesch\u00e4ftsf\u00fchrerinnen:Petra Lafferentz, Clara Mehlhose Registergericht: Amtsgericht HamburgRegisternummer: HRB 90325Steuernummer: 17\/402\/09767 Einige Projekte der Alraune gGmbH werden aus Mitteln des Europ\u00e4ischen Sozialfonds gef\u00f6rdert. Haftungshinweis:Trotz sorgf\u00e4ltiger inhaltlicher Kontrolle \u00fcbernehmen wir keine Haftung f\u00fcr die &hellip; <\/p>\n<p class=\"link-more\"><a href=\"https:\/\/galabau-alraune.de\/index.php\/kontakt\/\" class=\"more-link\"><span class=\"screen-reader-text\">\u201eImpressum\u201c <\/span>weiterlesen<\/a><\/p>\n","protected":false},"author":1,"featured_media":0,"parent":0,"menu_order":0,"comment_status":"closed","ping_status":"closed","template":"","meta":{"footnotes":""},"class_list":["post-15","page","type-page","status-publish","hentry"],"_links":{"self":[{"href":"https:\/\/galabau-alraune.de\/index.php\/wp-json\/wp\/v2\/pages\/15","targetHints":{"allow":["GET"]}}],"collection":[{"href":"https:\/\/galabau-alraune.de\/index.php\/wp-json\/wp\/v2\/pages"}],"about":[{"href":"https:\/\/galabau-alraune.de\/index.php\/wp-json\/wp\/v2\/types\/page"}],"author":[{"embeddable":true,"href":"https:\/\/galabau-alraune.de\/index.php\/wp-json\/wp\/v2\/users\/1"}],"replies":[{"embeddable":true,"href":"https:\/\/galabau-alraune.de\/index.php\/wp-json\/wp\/v2\/comments?post=15"}],"version-history":[{"count":2,"href":"https:\/\/galabau-alraune.de\/index.php\/wp-json\/wp\/v2\/pages\/15\/revisions"}],"predecessor-version":[{"id":297,"href":"https:\/\/galabau-alraune.de\/index.php\/wp-json\/wp\/v2\/pages\/15\/revisions\/297"}],"wp:attachment":[{"href":"https:\/\/galabau-alraune.de\/index.php\/wp-json\/wp\/v2\/media?parent=15"}],"curies":[{"name":"wp","href":"https:\/\/api.w.org\/{rel}","templated":true}]}}