{"id":50,"date":"2020-08-12T12:39:43","date_gmt":"2020-08-12T10:39:43","guid":{"rendered":"https:\/\/galabau-alraune.de\/?page_id=50"},"modified":"2025-02-03T16:23:38","modified_gmt":"2025-02-03T15:23:38","slug":"ausbildungszentrum-galabau-azg","status":"publish","type":"page","link":"https:\/\/galabau-alraune.de\/","title":{"rendered":"Ausbildungszentrum Garten- &#038; Landschaftsbau (AZG)"},"content":{"rendered":"\n<p class=\"has-text-align-left\">Das&nbsp;Ausbildungszentrum Garten- und Landschaftsbau (AZG) befindet sich in der Fabriciusstra\u00dfe 225-231, direkt neben dem Hallenbad Bramfeld.<\/p>\n\n\n\n<p>Auf dem 13.500 qm gro\u00dfen Gel\u00e4nde finden Fort- und Weiterbildungskurse, Berufsvorbereitungen und die Umschulung zum\/zur G\u00e4rtner\/in der Fachrichtung Garten- und Landschaftsbau statt.\u00a0<\/p>\n\n\n\n<p>Ein Naturerlebnispfad (<a href=\"http:\/\/www.naturerlebnispfad-alraune.de\">www.naturerlebnispfad-alraune.de<\/a>) l\u00e4dt zu einem Besuch f\u00fcr Vor- und Grundsch\u00fcler ein, die mit ihren Klassen oder Familien ein kleines Naturparadies mitten in der Stadt vorfinden.\u00a0Dieses\u00a0<em>gr\u00fcne Klassenzimmer<\/em>\u00a0k\u00f6nnen\u00a0Kinder im Alter von 5 bis 12 Jahren in Gruppen und nach vorheriger Anmeldung erleben.<\/p>\n\n\n\n<p>Ein auf dem Gel\u00e4nde befindlicher Kompostplatz wird gern von den umliegenden Anwohnern gegen ein kleines Entgelt genutzt. Hier k\u00f6nnen die Schreberg\u00e4rtner ihren Gr\u00fcnschnitt abgeben und die \u00fcber mehrere Jahre gewonnene, grobgesiebte Erde wieder mitnehmen.<\/p>\n\n\n\n<p><\/p>\n","protected":false},"excerpt":{"rendered":"<p>Das&nbsp;Ausbildungszentrum Garten- und Landschaftsbau (AZG) befindet sich in der Fabriciusstra\u00dfe 225-231, direkt neben dem Hallenbad Bramfeld. Auf dem 13.500 qm gro\u00dfen Gel\u00e4nde finden Fort- und Weiterbildungskurse, Berufsvorbereitungen und die Umschulung zum\/zur G\u00e4rtner\/in der Fachrichtung Garten- und Landschaftsbau statt.\u00a0 Ein Naturerlebnispfad (www.naturerlebnispfad-alraune.de) l\u00e4dt zu einem Besuch f\u00fcr Vor- und Grundsch\u00fcler ein, die mit ihren Klassen oder &hellip; <\/p>\n<p class=\"link-more\"><a href=\"https:\/\/galabau-alraune.de\/\" class=\"more-link\"><span class=\"screen-reader-text\">\u201eAusbildungszentrum Garten- &#038; Landschaftsbau (AZG)\u201c <\/span>weiterlesen<\/a><\/p>\n","protected":false},"author":1,"featured_media":133,"parent":0,"menu_order":0,"comment_status":"closed","ping_status":"closed","template":"","meta":{"footnotes":""},"class_list":["post-50","page","type-page","status-publish","has-post-thumbnail","hentry"],"_links":{"self":[{"href":"https:\/\/galabau-alraune.de\/index.php\/wp-json\/wp\/v2\/pages\/50","targetHints":{"allow":["GET"]}}],"collection":[{"href":"https:\/\/galabau-alraune.de\/index.php\/wp-json\/wp\/v2\/pages"}],"about":[{"href":"https:\/\/galabau-alraune.de\/index.php\/wp-json\/wp\/v2\/types\/page"}],"author":[{"embeddable":true,"href":"https:\/\/galabau-alraune.de\/index.php\/wp-json\/wp\/v2\/users\/1"}],"replies":[{"embeddable":true,"href":"https:\/\/galabau-alraune.de\/index.php\/wp-json\/wp\/v2\/comments?post=50"}],"version-history":[{"count":10,"href":"https:\/\/galabau-alraune.de\/index.php\/wp-json\/wp\/v2\/pages\/50\/revisions"}],"predecessor-version":[{"id":517,"href":"https:\/\/galabau-alraune.de\/index.php\/wp-json\/wp\/v2\/pages\/50\/revisions\/517"}],"wp:featuredmedia":[{"embeddable":true,"href":"https:\/\/galabau-alraune.de\/index.php\/wp-json\/wp\/v2\/media\/133"}],"wp:attachment":[{"href":"https:\/\/galabau-alraune.de\/index.php\/wp-json\/wp\/v2\/media?parent=50"}],"curies":[{"name":"wp","href":"https:\/\/api.w.org\/{rel}","templated":true}]}}