{"id":51,"date":"2020-08-12T12:39:43","date_gmt":"2020-08-12T10:39:43","guid":{"rendered":"https:\/\/galabau-alraune.de\/?page_id=51"},"modified":"2025-10-22T11:46:48","modified_gmt":"2025-10-22T09:46:48","slug":"fort-und-weiterbildung-im-galabau","status":"publish","type":"page","link":"https:\/\/galabau-alraune.de\/index.php\/fort-und-weiterbildung-im-galabau\/","title":{"rendered":"Fort- und Weiterbildung im Galabau  (Fbw)"},"content":{"rendered":"\n<p>G\u00e4rtner\/innen der Fachrichtung Garten- und Landschaftsbau gestalten die Umwelt nach Pl\u00e4nen von Landschaftsarchitekten und -architektinnen: Sie bauen, pflegen, sanieren und bepflanzen Au\u00dfenanlagen, insbesondere Gr\u00fcnanlagen, aller Art.<\/p>\n\n\n\n<p>In einer stetig wachsenden, aber dennoch sehr gr\u00fcnen Stadt, wie z.B. Hamburg, gibt es f\u00fcr dieses Berufsfeld mehr zu tun, als es Fachkr\u00e4fte gibt. Daher arbeiten viele Firmen auch mit teilqualifizierten Kr\u00e4ften.<\/p>\n\n\n\n<p>Unsere Fortbildungsangebote bieten neben der abschlussbezogenen Ausbildung (Umschulung) auch diese Teilqualifizierungen und vermittelt berufliche Fertigkeiten und Kenntnisse des G\u00e4rtnerberufes in der Fachrichtung Garten- und Landschaftsbau. Sie richten sich an Menschen die mindestens 18 Jahre, in der Regel aber \u00e4lter sind und ihre berufliche Perspektive im Garten- und Landschaftsbau sehen. Sie bringen Interesse an der Natur und deren Flora mit, sind flexibel bez\u00fcglich der Witterung und k\u00f6rperlich fit. In einem umfangreichen Eingangsgespr\u00e4ch unter Einbeziehung des Lebenslaufes und m\u00f6glicher Referenzen werden die Zugangsvoraussetzungen gepr\u00fcft. Kenntnisse in Deutsch und Mathematik werden auf dem Niveau eines Hauptschulabschlusses vorausgesetzt. Dies kann vorab mit Hilfe unseres Eingangstestes nachgewiesen werden. In einem intensiven Beratungsgespr\u00e4ch vor Ort finden wir mit Ihnen das passende Angebot.<\/p>\n\n\n\n<p>Inhalte unserer Qualifizierung ergeben sich aus den Qualifizierungsbildern der von der Landwirtschaftskammer Hamburg zertifizierten Qualifizierungsbausteine.<\/p>\n\n\n\n<p>Diese leiten sich aus dem Ausbildungsrahmenplan f\u00fcr den Ausbildungsberuf G\u00e4rtner\/G\u00e4rtnerin der Fachrichtung Garten- und Landschaftsbau vom 06.03.1996 ab.<\/p>\n\n\n\n<p>Erfolgreich abgeschlossene Qualifizierungsbausteine werden in den mit der Landwirtschaftskammer entwickelten Lernpass eingetragen.<\/p>\n\n\n\n<p>Dieser Lernpass ist von der Landwirtschaftskammer Hamburg anerkannt und hat eine G\u00fcltigkeit von 5 Jahren. Teilnehmer, die in diesem Zeitraum alle Bausteine des Lernpasses bei Alraune gGmbH erfolgreich absolviert haben, k\u00f6nnen \u00fcber die Alraune gGmbH oder extern die Abschlusspr\u00fcfung G\u00e4rtnerin \/ G\u00e4rtner im Garten- und Landschaftsbau bei der Landwirtschaftskammer Hamburg ablegen.<\/p>\n\n\n\n<p>I.d.R. finden pro Woche 30 UE Praxis und 16 UE Theorie statt.<\/p>\n\n\n\n<p>In jedem Kurs ab sechs Monaten findet eine betriebliche Lernphase statt. In diesen i.d.R. bei einem unserer Kooperationspartnern stattfindenden Praktika k\u00f6nnen erlernte Kenntnisse und F\u00e4higkeiten praktisch angewendet und betriebliche Abl\u00e4ufe kennengelernt werden. Sehr h\u00e4ufig finden die GaLaBaubetriebe bei der Gelegenheit ihre zuk\u00fcnftigen Mitarbeiter*innen.<\/p>\n\n\n\n<p>Alle unsere Bildungsangebote k\u00f6nnen Sie mit einem <strong>Bildungsgutschein <\/strong>von der Agentur f\u00fcr Arbeit oder dem Jobcenter team.arbeit.hamburg wahrnehmen.<\/p>\n\n\n\n<p><\/p>\n\n\n\n<h4 class=\"wp-block-heading\" id=\"umschulung-galabau\">Umschulung zum G\u00e4rtner\/ zur G\u00e4rtnerin in der Fachrichtung Garten- und Landschaftsbau<\/h4>\n\n\n\n<p>Eine Umschulung ist immer eine um ein Drittel gek\u00fcrzte Ausbildung.<\/p>\n\n\n\n<p>Sie erwerben hier in zwei Jahren auf unserem gro\u00dfz\u00fcgigen Ausbildungsgel\u00e4nde alle Fertigkeiten und Kenntnisse um erfolgreich die Pr\u00fcfung zum G\u00e4rtner, zur G\u00e4rtnerin vor der Landwirtschaftskammer Hamburg abzulegen. Unsere erfahrenen G\u00e4rtnermeister, die h\u00e4ufig selbst als Pr\u00fcfer bestellt werden unterst\u00fctzen Sie auf diesem Weg mit Rat und Tat.<\/p>\n\n\n\n<p>Durch die im Laufe der Ausbildung abgelegten (insgesamt vier) Praktika findet Sie i.d.R. ihr zuk\u00fcnftiger Arbeitgeber. Durch die erfolgreiche Ausbildung und der langanhaltende Fachkr\u00e4ftemangel in der gr\u00fcnen Metropolregion Hamburg ist ihr zuk\u00fcnftiges vom Jobcenter oder der Arbeitsagentur unabh\u00e4ngiges Arbeitseinkommen nahezu garantiert.<\/p>\n\n\n\n<figure class=\"wp-block-table is-style-stripes\"><table class=\"has-fixed-layout\"><tbody><tr><td>Dauer<\/td><td>24 Monate, inkl. Urlaub<\/td><\/tr><tr><td>Theorie und Praxis<\/td><td>3.736 UE<\/td><\/tr><tr><td>Praktika<\/td><td>480 Stunden<\/td><\/tr><tr><td>Einstieg<\/td><td>Montag, 02.03.2026<\/td><\/tr><tr><td>Ma\u00dfnahme-Nr. (nach AZAV)<\/td><td>A 120 500 415 -1<\/td><\/tr><tr><td>Besonderheiten<\/td><td>k\u00f6rperliche Eignung, m\u00f6glichst Hautpschulabschluss<\/td><\/tr><tr><td>Kosten<\/td><td>35.342,56 EUR<\/td><\/tr><\/tbody><\/table><\/figure>\n\n\n\n<h4 class=\"wp-block-heading\" id=\"umschulung-galabau\">Qualifizierung im Garten und Landschaftsbau mit Fachkundenachweis Motors\u00e4ge AS Baum I und F\u00fchren von Erdbaumaschinen<\/h4>\n\n\n\n<p>In diesem 12 monatigen Kurs werden Sie zum Gartenbauhelfer qualifiziert und sind eine echte Unterst\u00fctzung f\u00fcr nahezu jeden Betrieb im Garten- und Landschaftsbau, den Sie ggf. in einem der beiden Praktika von jeweils drei Wochen schon w\u00e4hrend der Ma\u00dfnahme kennenlernen.<\/p>\n\n\n\n<p><\/p>\n\n\n\n<figure class=\"wp-block-table is-style-stripes\"><table class=\"has-fixed-layout\"><tbody><tr><td>Dauer<\/td><td>12 Monate, inkl. Urlaub<\/td><\/tr><tr><td>Theorie und Praxis<\/td><td>1850 UE<\/td><\/tr><tr><td>Praktika<\/td><td>240 Stunden<\/td><\/tr><tr><td>Einstieg<\/td><td>Montag, 02. 03.2026<\/td><\/tr><tr><td>Ma\u00dfnahme-Nr. (nach AZAV)<\/td><td>A 120 500 415 -2<\/td><\/tr><tr><td>Besonderheiten<\/td><td>k\u00f6rperliche Eignung, m\u00f6glichst Hautpschulabschluss<\/td><\/tr><tr><td>Kosten<\/td><td>15.669,50 EUR<\/td><\/tr><\/tbody><\/table><\/figure>\n\n\n\n<h4 class=\"wp-block-heading\" id=\"grundqualifizierung-gartenbau\">Grundqualifizierung im Gartenbau mit Erdbaumaschinenschein (Sachkundenachweis und Tr\u00e4gerzertifikat)<\/h4>\n\n\n\n<p>In dieser Fortbildung erwerben Sie, je nach Saison, verschiedene theoretische und praktische Fertigkeiten und Kenntnisse, die f\u00fcr eine T\u00e4tigkeit in diesem Bereich wichtig sind.<\/p>\n\n\n\n<figure class=\"wp-block-table is-style-stripes\"><table class=\"has-fixed-layout\"><tbody><tr><td>Dauer<\/td><td>6 Monate<\/td><\/tr><tr><td>Theorie und Praxis<\/td><td>920 UE<\/td><\/tr><tr><td>Praktika<\/td><td>120 Stunden<\/td><\/tr><tr><td>Einstieg<\/td><td>laufend<\/td><\/tr><tr><td>Ma\u00dfnahme-Nr. (nach AZAV)<\/td><td>A 120 500 415 -3<\/td><\/tr><tr><td>Besonderheiten<\/td><td>k\u00f6rperliche Eignung, m\u00f6glichst Hautpschulabschluss<\/td><\/tr><tr><td>Kosten<\/td><td>7.862,54 EUR<\/td><\/tr><\/tbody><\/table><\/figure>\n\n\n\n<p><\/p>\n\n\n\n<h4 class=\"wp-block-heading\" id=\"erdbaumaschinen\">F\u00fchren von Erdbaumaschinen<\/h4>\n\n\n\n<ul class=\"wp-block-list\">\n<li>Sie haben bereits Grundkenntnisse im Bereich Garten- und Landschaftsbau?<\/li>\n\n\n\n<li>Sie m\u00f6chten den sicheren Umgang mit den g\u00e4ngigen Gro\u00dfmaschinen in diesem Bereich lernen?<\/li>\n\n\n\n<li>Sie sind k\u00f6rperlich belastbar?<\/li>\n<\/ul>\n\n\n\n<p>Dann bieten wir Ihnen einen 1-w\u00f6chigen Kurs an, in dem der Umgang und die Pflege mit Gro\u00dfmaschinen ge\u00fcbt werden. In dieser Fortbildung erwerben Sie verschiedene theoretische und praktische Fertigkeiten und Kenntnisse, und Sie erhalten den Fachkundenachweis gem\u00e4\u00df Vorgaben der Gartenbauberufsgenossenschaft f\u00fcr das F\u00fchren eines Radladers und Kompaktbaggers.<\/p>\n\n\n\n<figure class=\"wp-block-table is-style-stripes\"><table class=\"has-fixed-layout\"><tbody><tr><td>Dauer<\/td><td>5 Tage<\/td><\/tr><tr><td>Theorie und Praxis<\/td><td>46 UE<\/td><\/tr><tr><td>Praktika<\/td><td>\/<\/td><\/tr><tr><td>Einstieg<\/td><td>I.d.R KW 14 und KW 39<\/td><\/tr><tr><td>Ma\u00dfnahme-Nr. (nach AZAV)<\/td><td>A 120 500 415 -3<\/td><\/tr><tr><td>Besonderheiten<\/td><td>k\u00f6rperliche Eignung, Grundkenntnisse im Galabau<\/td><\/tr><tr><td>Kosten<\/td><td>745,66 EUR<\/td><\/tr><\/tbody><\/table><\/figure>\n\n\n\n<p><\/p>\n","protected":false},"excerpt":{"rendered":"<p>G\u00e4rtner\/innen der Fachrichtung Garten- und Landschaftsbau gestalten die Umwelt nach Pl\u00e4nen von Landschaftsarchitekten und -architektinnen: Sie bauen, pflegen, sanieren und bepflanzen Au\u00dfenanlagen, insbesondere Gr\u00fcnanlagen, aller Art. In einer stetig wachsenden, aber dennoch sehr gr\u00fcnen Stadt, wie z.B. Hamburg, gibt es f\u00fcr dieses Berufsfeld mehr zu tun, als es Fachkr\u00e4fte gibt. Daher arbeiten viele Firmen auch &hellip; <\/p>\n<p class=\"link-more\"><a href=\"https:\/\/galabau-alraune.de\/index.php\/fort-und-weiterbildung-im-galabau\/\" class=\"more-link\"><span class=\"screen-reader-text\">\u201eFort- und Weiterbildung im Galabau  (Fbw)\u201c <\/span>weiterlesen<\/a><\/p>\n","protected":false},"author":1,"featured_media":0,"parent":0,"menu_order":0,"comment_status":"closed","ping_status":"closed","template":"","meta":{"footnotes":""},"class_list":["post-51","page","type-page","status-publish","hentry"],"_links":{"self":[{"href":"https:\/\/galabau-alraune.de\/index.php\/wp-json\/wp\/v2\/pages\/51","targetHints":{"allow":["GET"]}}],"collection":[{"href":"https:\/\/galabau-alraune.de\/index.php\/wp-json\/wp\/v2\/pages"}],"about":[{"href":"https:\/\/galabau-alraune.de\/index.php\/wp-json\/wp\/v2\/types\/page"}],"author":[{"embeddable":true,"href":"https:\/\/galabau-alraune.de\/index.php\/wp-json\/wp\/v2\/users\/1"}],"replies":[{"embeddable":true,"href":"https:\/\/galabau-alraune.de\/index.php\/wp-json\/wp\/v2\/comments?post=51"}],"version-history":[{"count":38,"href":"https:\/\/galabau-alraune.de\/index.php\/wp-json\/wp\/v2\/pages\/51\/revisions"}],"predecessor-version":[{"id":539,"href":"https:\/\/galabau-alraune.de\/index.php\/wp-json\/wp\/v2\/pages\/51\/revisions\/539"}],"wp:attachment":[{"href":"https:\/\/galabau-alraune.de\/index.php\/wp-json\/wp\/v2\/media?parent=51"}],"curies":[{"name":"wp","href":"https:\/\/api.w.org\/{rel}","templated":true}]}}