{"id":56,"date":"2020-08-12T12:39:43","date_gmt":"2020-08-12T10:39:43","guid":{"rendered":"https:\/\/galabau-alraune.de\/?page_id=56"},"modified":"2025-02-03T14:38:34","modified_gmt":"2025-02-03T13:38:34","slug":"team","status":"publish","type":"page","link":"https:\/\/galabau-alraune.de\/index.php\/team\/","title":{"rendered":"Team"},"content":{"rendered":"\n<h2 class=\"wp-block-heading\">Monika Kniep<\/h2>\n\n\n\n<div class=\"wp-block-media-text alignwide is-stacked-on-mobile\" style=\"grid-template-columns:25% auto\"><figure class=\"wp-block-media-text__media\"><img loading=\"lazy\" decoding=\"async\" width=\"1340\" height=\"1924\" src=\"https:\/\/galabau-alraune.de\/wp-content\/uploads\/2021\/05\/DSC_5244Alraune1.jpg\" alt=\"\" class=\"wp-image-226 size-full\" srcset=\"https:\/\/galabau-alraune.de\/wp-content\/uploads\/2021\/05\/DSC_5244Alraune1.jpg 1340w, https:\/\/galabau-alraune.de\/wp-content\/uploads\/2021\/05\/DSC_5244Alraune1-209x300.jpg 209w, https:\/\/galabau-alraune.de\/wp-content\/uploads\/2021\/05\/DSC_5244Alraune1-713x1024.jpg 713w, https:\/\/galabau-alraune.de\/wp-content\/uploads\/2021\/05\/DSC_5244Alraune1-768x1103.jpg 768w, https:\/\/galabau-alraune.de\/wp-content\/uploads\/2021\/05\/DSC_5244Alraune1-1070x1536.jpg 1070w\" sizes=\"auto, (max-width: 706px) 89vw, (max-width: 767px) 82vw, 740px\" \/><\/figure><div class=\"wp-block-media-text__content\">\n<p>Ich bin in einer G\u00e4rtnerei gro\u00df geworden und somit fr\u00fch mit dem Beruf des G\u00e4rtners\/der G\u00e4rtnerin vertraut geworden. Wie vielf\u00e4ltig die Fachrichtung Garten- und Landschaftsbau ist, lernte ich allerdings erst hier im Ausbildungszentrum kennen.<br><br>Als urspr\u00fcnglich studierte Agraringenieurin bin ich seit 2003 in der beruflichen Bildung t\u00e4tig und seit 2010 in diesem wunderbaren Ausbildungszentrum der Alraune gGmbH, welches ich seit 2014 leiten darf.<br><br>Als Fachkraft f\u00fcr Arbeits- und Berufsf\u00f6rderung k\u00fcmmere ich mich auch um den Naturerlebnispfad und dessen Mitarbeiter*innen und als Imkerin um die Honigbienen hier auf unserem Gel\u00e4nde.<\/p>\n<\/div><\/div>\n\n\n\n<h2 class=\"wp-block-heading\">Oliver Stroinski<\/h2>\n\n\n\n<div class=\"wp-block-media-text alignwide has-media-on-the-right is-stacked-on-mobile\" style=\"grid-template-columns:auto 25%\"><div class=\"wp-block-media-text__content\">\n<p class=\"has-text-align-left\">Ich bin 57 Jahre alt und Meister der Fachrichtung Garten-und Landschaftsbau mit \u00fcber 40 J\u00e4hriger Berufserfahrung.<br><br>Als langj\u00e4hriger Gesch\u00e4ftsf\u00fchrer eines Garten- und Landschaftsbaubetriebes bin ich auch als anerkannter Pr\u00fcfer bei der Landwirtschaftskammer t\u00e4tig.<br><br>Mein Schwerpunkt in der Ausbildung ist die praxisbezogenen Vermittlung der Lerninhalte. Dabei habe ich gro\u00dfe Freude am Erkl\u00e4ren von g\u00e4rtnerischen Fachthemen.<\/p>\n<\/div><figure class=\"wp-block-media-text__media\"><img loading=\"lazy\" decoding=\"async\" width=\"1700\" height=\"2560\" src=\"https:\/\/galabau-alraune.de\/wp-content\/uploads\/2021\/05\/DSC_5208Alraune-scaled.jpg\" alt=\"\" class=\"wp-image-227 size-full\" srcset=\"https:\/\/galabau-alraune.de\/wp-content\/uploads\/2021\/05\/DSC_5208Alraune-scaled.jpg 1700w, https:\/\/galabau-alraune.de\/wp-content\/uploads\/2021\/05\/DSC_5208Alraune-199x300.jpg 199w, https:\/\/galabau-alraune.de\/wp-content\/uploads\/2021\/05\/DSC_5208Alraune-680x1024.jpg 680w, https:\/\/galabau-alraune.de\/wp-content\/uploads\/2021\/05\/DSC_5208Alraune-768x1156.jpg 768w, https:\/\/galabau-alraune.de\/wp-content\/uploads\/2021\/05\/DSC_5208Alraune-1020x1536.jpg 1020w, https:\/\/galabau-alraune.de\/wp-content\/uploads\/2021\/05\/DSC_5208Alraune-1360x2048.jpg 1360w\" sizes=\"auto, (max-width: 706px) 89vw, (max-width: 767px) 82vw, 740px\" \/><\/figure><\/div>\n\n\n\n<h2 class=\"wp-block-heading\">Stefan Huhn<\/h2>\n\n\n\n<div class=\"wp-block-media-text alignwide is-stacked-on-mobile\" style=\"grid-template-columns:25% auto\"><figure class=\"wp-block-media-text__media\"><img loading=\"lazy\" decoding=\"async\" width=\"1751\" height=\"2560\" src=\"https:\/\/galabau-alraune.de\/wp-content\/uploads\/2021\/05\/DSC_5227Alraune-scaled.jpg\" alt=\"\" class=\"wp-image-228 size-full\" srcset=\"https:\/\/galabau-alraune.de\/wp-content\/uploads\/2021\/05\/DSC_5227Alraune-scaled.jpg 1751w, https:\/\/galabau-alraune.de\/wp-content\/uploads\/2021\/05\/DSC_5227Alraune-205x300.jpg 205w, https:\/\/galabau-alraune.de\/wp-content\/uploads\/2021\/05\/DSC_5227Alraune-700x1024.jpg 700w, https:\/\/galabau-alraune.de\/wp-content\/uploads\/2021\/05\/DSC_5227Alraune-768x1123.jpg 768w, https:\/\/galabau-alraune.de\/wp-content\/uploads\/2021\/05\/DSC_5227Alraune-1050x1536.jpg 1050w, https:\/\/galabau-alraune.de\/wp-content\/uploads\/2021\/05\/DSC_5227Alraune-1401x2048.jpg 1401w\" sizes=\"auto, (max-width: 706px) 89vw, (max-width: 767px) 82vw, 740px\" \/><\/figure><div class=\"wp-block-media-text__content\">\n<p>Nach der Ausbildung zum Zierpflanzeng\u00e4rtner 1986 habe ich zun\u00e4chst in verschiedenen Firmen Erfahrungen in der Fachrichtung &nbsp;GaLa-Bau gesammelt und mich anschlie\u00dfend mit einem eigenen Betrieb selbstst\u00e4ndig gemacht. Von 2000 bis 2018 habe ich f\u00fcr Koala e.V in Hamburg und dem Kieler Selbsthilfeverein Hempels e.V. in Kiel Tagelohn- und Arbeitsprojekte aufgebaut.<br><br>Im AZG der Alraune bin ich seit 2018 haupts\u00e4chlich f\u00fcr die Anleitung der Mitarbeiter*innen auf dem Naturerlebnispfad zust\u00e4ndig.<br><br>In meiner Freizeit bin ich f\u00fcr den Verein Ansto\u00df! e.V. aktiv, der deutschlandweit Stra\u00dfenfu\u00dfball-Angebote f\u00fcr Einrichtungen der Wohnungslosen \u2013 und Drogenhilfe organisiert<\/p>\n<\/div><\/div>\n\n\n\n<h2 class=\"wp-block-heading\">Marieke Peters<\/h2>\n\n\n\n<div class=\"wp-block-media-text alignwide has-media-on-the-right is-stacked-on-mobile\" style=\"grid-template-columns:auto 29%\"><div class=\"wp-block-media-text__content\">\n<p><\/p>\n\n\n\n<p><\/p>\n\n\n\n<p>Als gelernte G\u00e4rtnerin in Fachrichtung Garten- und Landschaftsbau war ich die letzten 10 Jahre in namhaften, privatwirtschaftlichen Unternehmen t\u00e4tig. Mit gro\u00dfer Leidenschaft habe ich mich der Pflege, Gestaltung und Neuanlage von Privatg\u00e4rten gewidmet. Da mir die fachliche, sowie p\u00e4dagogische Betreuung von Auszubildenden gro\u00dfe Freude bereitet, habe ich 2024 die Pr\u00fcfung nach der Ausbilder-Eignungspr\u00fcfung (AEVO) abgelegt und kann nun seit April 2024 meine Begeisterung f\u00fcr den Beruf und mein Know-How mit k\u00fcnftigen G\u00e4rtner*innen der Fachrichtung Garten-und Landschaftsbau in dem Ausbildungszentrum der Alraune gGmbH teilen.<br><br><\/p>\n\n\n\n<p><\/p>\n<\/div><figure class=\"wp-block-media-text__media\"><img loading=\"lazy\" decoding=\"async\" width=\"648\" height=\"1024\" src=\"https:\/\/galabau-alraune.de\/wp-content\/uploads\/2024\/08\/Marieke_Foto_Homepage-648x1024.jpg\" alt=\"\" class=\"wp-image-504 size-full\" srcset=\"https:\/\/galabau-alraune.de\/wp-content\/uploads\/2024\/08\/Marieke_Foto_Homepage-648x1024.jpg 648w, https:\/\/galabau-alraune.de\/wp-content\/uploads\/2024\/08\/Marieke_Foto_Homepage-190x300.jpg 190w, https:\/\/galabau-alraune.de\/wp-content\/uploads\/2024\/08\/Marieke_Foto_Homepage-768x1214.jpg 768w, https:\/\/galabau-alraune.de\/wp-content\/uploads\/2024\/08\/Marieke_Foto_Homepage-971x1536.jpg 971w, https:\/\/galabau-alraune.de\/wp-content\/uploads\/2024\/08\/Marieke_Foto_Homepage-1295x2048.jpg 1295w, https:\/\/galabau-alraune.de\/wp-content\/uploads\/2024\/08\/Marieke_Foto_Homepage-scaled.jpg 1619w\" sizes=\"auto, (max-width: 648px) 100vw, 648px\" \/><\/figure><\/div>\n\n\n\n<p><\/p>\n","protected":false},"excerpt":{"rendered":"<p>Monika Kniep Ich bin in einer G\u00e4rtnerei gro\u00df geworden und somit fr\u00fch mit dem Beruf des G\u00e4rtners\/der G\u00e4rtnerin vertraut geworden. Wie vielf\u00e4ltig die Fachrichtung Garten- und Landschaftsbau ist, lernte ich allerdings erst hier im Ausbildungszentrum kennen. Als urspr\u00fcnglich studierte Agraringenieurin bin ich seit 2003 in der beruflichen Bildung t\u00e4tig und seit 2010 in diesem wunderbaren &hellip; <\/p>\n<p class=\"link-more\"><a href=\"https:\/\/galabau-alraune.de\/index.php\/team\/\" class=\"more-link\"><span class=\"screen-reader-text\">\u201eTeam\u201c <\/span>weiterlesen<\/a><\/p>\n","protected":false},"author":1,"featured_media":506,"parent":0,"menu_order":0,"comment_status":"closed","ping_status":"closed","template":"","meta":{"footnotes":""},"class_list":["post-56","page","type-page","status-publish","has-post-thumbnail","hentry"],"_links":{"self":[{"href":"https:\/\/galabau-alraune.de\/index.php\/wp-json\/wp\/v2\/pages\/56","targetHints":{"allow":["GET"]}}],"collection":[{"href":"https:\/\/galabau-alraune.de\/index.php\/wp-json\/wp\/v2\/pages"}],"about":[{"href":"https:\/\/galabau-alraune.de\/index.php\/wp-json\/wp\/v2\/types\/page"}],"author":[{"embeddable":true,"href":"https:\/\/galabau-alraune.de\/index.php\/wp-json\/wp\/v2\/users\/1"}],"replies":[{"embeddable":true,"href":"https:\/\/galabau-alraune.de\/index.php\/wp-json\/wp\/v2\/comments?post=56"}],"version-history":[{"count":25,"href":"https:\/\/galabau-alraune.de\/index.php\/wp-json\/wp\/v2\/pages\/56\/revisions"}],"predecessor-version":[{"id":512,"href":"https:\/\/galabau-alraune.de\/index.php\/wp-json\/wp\/v2\/pages\/56\/revisions\/512"}],"wp:featuredmedia":[{"embeddable":true,"href":"https:\/\/galabau-alraune.de\/index.php\/wp-json\/wp\/v2\/media\/506"}],"wp:attachment":[{"href":"https:\/\/galabau-alraune.de\/index.php\/wp-json\/wp\/v2\/media?parent=56"}],"curies":[{"name":"wp","href":"https:\/\/api.w.org\/{rel}","templated":true}]}}